{"id":5037,"date":"2023-04-22T17:39:52","date_gmt":"2023-04-22T17:39:52","guid":{"rendered":"https:\/\/ledomat.eu\/?post_type=product&#038;p=5037"},"modified":"2023-05-22T11:22:24","modified_gmt":"2023-05-22T11:22:24","slug":"industrijski-ledomati","status":"publish","type":"product","link":"https:\/\/ledomat.eu\/index.php\/product\/industrijski-ledomati\/","title":{"rendered":"Industrijski ledomati"},"content":{"rendered":"<p class=\"tekst\">Industrijski ledomati kao i njihova prate\u0107a oprema za skladi\u0161tenje i transport leda mogu se podjeliti prema \u010detiri osnovna kriterija. To su: kapacitet proizvodnje, vrsta leda, primjena i tehnologija izrade leda. Kroz ovu prezentaciju \u0107emo dotaknuti samo osnovna obilje\u017eja te vrste ledomata, dok smo za sve ostalo na raspolaganju kroz savjetovanje, izradu projekta i isporuku i instalaciju opreme kao i brige za ledomate kroz njihov eksploatacijski vijek. Sva ponu\u0111ena oprema je jo\u0161 u projetiranju vezana standardim koji se odnose na higijenu kod kontakta sa hranom. Mogu\u0107nost \u0161to jednostavnijeg rukovanja i odr\u017eavanja je tako\u0111er jedan od in\u017eenjerskih izazova kod projektiranja i dizajna ledomata i opreme.<\/p>\n<p>&nbsp;<\/p>\n<p class=\"tekst\"><img loading=\"lazy\" decoding=\"async\" style=\"font-style: inherit; font-weight: inherit;\" src=\"https:\/\/www.ledomat.eu\/buttons\/standardi.jpg\" width=\"629\" height=\"59\" \/><\/p>\n","protected":false},"excerpt":{"rendered":"<p>Industrijski ledomati kao i njihova prate\u0107a oprema za skladi\u0161tenje i transport leda mogu se podjeliti prema \u010detiri osnovna kriterija. To su: kapacitet proizvodnje, vrsta leda, primjena i tehnologija izrade leda. Kroz ovu prezentaciju \u0107emo dotaknuti samo osnovna obilje\u017eja te vrste ledomata, dok smo za sve ostalo na raspolaganju kroz savjetovanje, izradu projekta i isporuku i &hellip;<\/p>\n<p class=\"read-more\"> <a class=\"\" href=\"https:\/\/ledomat.eu\/index.php\/product\/industrijski-ledomati\/\"> <span class=\"screen-reader-text\">Industrijski ledomati<\/span> Read More &raquo;<\/a><\/p>\n","protected":false},"featured_media":5039,"comment_status":"open","ping_status":"closed","template":"","meta":{"site-sidebar-layout":"default","site-content-layout":"default","ast-global-header-display":"","ast-main-header-display":"","ast-hfb-above-header-display":"","ast-hfb-below-header-display":"","ast-hfb-mobile-header-display":"","site-post-title":"","ast-breadcrumbs-content":"","ast-featured-img":"","footer-sml-layout":"","theme-transparent-header-meta":"default","adv-header-id-meta":"","stick-header-meta":"","header-above-stick-meta":"","header-main-stick-meta":"","header-below-stick-meta":""},"product_cat":[63],"product_tag":[],"class_list":{"0":"post-5037","1":"product","2":"type-product","3":"status-publish","4":"has-post-thumbnail","6":"product_cat-industrijski-ledomati","7":"desktop-align-left","8":"tablet-align-left","9":"mobile-align-left","11":"first","12":"instock","13":"shipping-taxable","14":"product-type-simple"},"_links":{"self":[{"href":"https:\/\/ledomat.eu\/index.php\/wp-json\/wp\/v2\/product\/5037","targetHints":{"allow":["GET"]}}],"collection":[{"href":"https:\/\/ledomat.eu\/index.php\/wp-json\/wp\/v2\/product"}],"about":[{"href":"https:\/\/ledomat.eu\/index.php\/wp-json\/wp\/v2\/types\/product"}],"replies":[{"embeddable":true,"href":"https:\/\/ledomat.eu\/index.php\/wp-json\/wp\/v2\/comments?post=5037"}],"version-history":[{"count":2,"href":"https:\/\/ledomat.eu\/index.php\/wp-json\/wp\/v2\/product\/5037\/revisions"}],"predecessor-version":[{"id":5048,"href":"https:\/\/ledomat.eu\/index.php\/wp-json\/wp\/v2\/product\/5037\/revisions\/5048"}],"wp:featuredmedia":[{"embeddable":true,"href":"https:\/\/ledomat.eu\/index.php\/wp-json\/wp\/v2\/media\/5039"}],"wp:attachment":[{"href":"https:\/\/ledomat.eu\/index.php\/wp-json\/wp\/v2\/media?parent=5037"}],"wp:term":[{"taxonomy":"product_cat","embeddable":true,"href":"https:\/\/ledomat.eu\/index.php\/wp-json\/wp\/v2\/product_cat?post=5037"},{"taxonomy":"product_tag","embeddable":true,"href":"https:\/\/ledomat.eu\/index.php\/wp-json\/wp\/v2\/product_tag?post=5037"}],"curies":[{"name":"wp","href":"https:\/\/api.w.org\/{rel}","templated":true}]}}